{"id":843,"date":"2023-03-29T18:18:07","date_gmt":"2023-03-29T16:18:07","guid":{"rendered":"http:\/\/whiteday.fr\/index.php\/contact\/"},"modified":"2023-08-04T19:02:36","modified_gmt":"2023-08-04T17:02:36","slug":"contact","status":"publish","type":"page","link":"https:\/\/whiteday.fr\/index.php\/contact\/","title":{"rendered":"Contact"},"content":{"rendered":"\t\t<div data-elementor-type=\"wp-page\" data-elementor-id=\"843\" class=\"elementor elementor-843\" data-elementor-post-type=\"page\">\n\t\t\t\t\t\t<section class=\"elementor-section elementor-top-section elementor-element elementor-element-68677681 elementor-section-full_width elementor-section-height-min-height elementor-section-items-stretch elementor-section-content-top elementor-section-height-default\" data-id=\"68677681\" data-element_type=\"section\" data-settings=\"{&quot;background_background&quot;:&quot;classic&quot;}\">\n\t\t\t\t\t\t<div class=\"elementor-container elementor-column-gap-no\">\n\t\t\t\t\t<div class=\"elementor-column elementor-col-100 elementor-top-column elementor-element elementor-element-fe99adf\" data-id=\"fe99adf\" data-element_type=\"column\">\n\t\t\t<div class=\"elementor-widget-wrap elementor-element-populated\">\n\t\t\t\t\t\t<div class=\"elementor-element elementor-element-3a3f7d26 elementor-widget__width-initial elementor-absolute elementor-widget-tablet__width-initial elementor-widget-mobile__width-inherit elementor-widget elementor-widget-spacer\" data-id=\"3a3f7d26\" data-element_type=\"widget\" data-settings=\"{&quot;_position&quot;:&quot;absolute&quot;}\" data-widget_type=\"spacer.default\">\n\t\t\t\t<div class=\"elementor-widget-container\">\n\t\t\t\t\t\t\t<div class=\"elementor-spacer\">\n\t\t\t<div class=\"elementor-spacer-inner\"><\/div>\n\t\t<\/div>\n\t\t\t\t\t\t<\/div>\n\t\t\t\t<\/div>\n\t\t\t\t<section class=\"elementor-section elementor-inner-section elementor-element elementor-element-5200f2b2 elementor-section-boxed elementor-section-height-default elementor-section-height-default\" data-id=\"5200f2b2\" data-element_type=\"section\">\n\t\t\t\t\t\t<div class=\"elementor-container elementor-column-gap-no\">\n\t\t\t\t\t<div class=\"elementor-column elementor-col-100 elementor-inner-column elementor-element elementor-element-50d33d4a\" data-id=\"50d33d4a\" data-element_type=\"column\">\n\t\t\t<div class=\"elementor-widget-wrap elementor-element-populated\">\n\t\t\t\t\t\t<div class=\"elementor-element elementor-element-771f4528 elementor-invisible elementor-widget elementor-widget-heading\" data-id=\"771f4528\" data-element_type=\"widget\" data-settings=\"{&quot;_animation&quot;:&quot;fadeIn&quot;}\" data-widget_type=\"heading.default\">\n\t\t\t\t<div class=\"elementor-widget-container\">\n\t\t\t\t\t<h1 class=\"elementor-heading-title elementor-size-default\"><h1 style=\"font-family: var( --e-global-typography-173baee-font-family ), Sans-serif;font-weight: var( --e-global-typography-173baee-font-weight );line-height: var( --e-global-typography-173baee-line-height );font-size: var( --e-global-typography-173baee-font-size );text-transform: var( --e-global-typography-173baee-text-transform );font-style: normal;letter-spacing: var( --e-global-typography-173baee-letter-spacing );white-space: normal\">J'AIMERAI PHOTOGRAPHIER VOTRE BEAU JOUR<\/h1><\/h1>\t\t\t\t<\/div>\n\t\t\t\t<\/div>\n\t\t\t\t<div class=\"elementor-element elementor-element-53f180cb elementor-widget-divider--view-line elementor-invisible elementor-widget elementor-widget-divider\" data-id=\"53f180cb\" data-element_type=\"widget\" data-settings=\"{&quot;_animation&quot;:&quot;fadeIn&quot;,&quot;_animation_delay&quot;:&quot;200&quot;}\" data-widget_type=\"divider.default\">\n\t\t\t\t<div class=\"elementor-widget-container\">\n\t\t\t\t\t\t\t<div class=\"elementor-divider\">\n\t\t\t<span class=\"elementor-divider-separator\">\n\t\t\t\t\t\t<\/span>\n\t\t<\/div>\n\t\t\t\t\t\t<\/div>\n\t\t\t\t<\/div>\n\t\t\t\t\t<\/div>\n\t\t<\/div>\n\t\t\t\t\t<\/div>\n\t\t<\/section>\n\t\t\t\t<div class=\"elementor-element elementor-element-7d627b60 elementor-align-center animated-slow elementor-icon-list--layout-traditional elementor-list-item-link-full_width elementor-invisible elementor-widget elementor-widget-icon-list\" data-id=\"7d627b60\" data-element_type=\"widget\" data-settings=\"{&quot;_animation&quot;:&quot;fadeIn&quot;}\" data-widget_type=\"icon-list.default\">\n\t\t\t\t<div class=\"elementor-widget-container\">\n\t\t\t\t\t\t\t<ul class=\"elementor-icon-list-items\">\n\t\t\t\t\t\t\t<li class=\"elementor-icon-list-item\">\n\t\t\t\t\t\t\t\t\t\t<span class=\"elementor-icon-list-text\">Adresse : 7 Rue Pantigny 62590 Oignies<\/span>\n\t\t\t\t\t\t\t\t\t<\/li>\n\t\t\t\t\t\t\t\t<li class=\"elementor-icon-list-item\">\n\t\t\t\t\t\t\t\t\t\t<span class=\"elementor-icon-list-text\">Tel : 07 61 71 27 38<\/span>\n\t\t\t\t\t\t\t\t\t<\/li>\n\t\t\t\t\t\t\t\t<li class=\"elementor-icon-list-item\">\n\t\t\t\t\t\t\t\t\t\t<span class=\"elementor-icon-list-text\">Email : Hello@whiteday.fr<\/span>\n\t\t\t\t\t\t\t\t\t<\/li>\n\t\t\t\t\t\t<\/ul>\n\t\t\t\t\t\t<\/div>\n\t\t\t\t<\/div>\n\t\t\t\t<div class=\"elementor-element elementor-element-0c0fe75 elementor-shape-circle elementor-grid-0 e-grid-align-center elementor-widget elementor-widget-social-icons\" data-id=\"0c0fe75\" data-element_type=\"widget\" data-widget_type=\"social-icons.default\">\n\t\t\t\t<div class=\"elementor-widget-container\">\n\t\t\t\t\t\t\t<div class=\"elementor-social-icons-wrapper elementor-grid\" role=\"list\">\n\t\t\t\t\t\t\t<span class=\"elementor-grid-item\" role=\"listitem\">\n\t\t\t\t\t<a class=\"elementor-icon elementor-social-icon elementor-social-icon-facebook elementor-animation-pulse-grow elementor-repeater-item-f4f171a\" href=\"https:\/\/facebook.com\/whiteday.fr\" target=\"_blank\">\n\t\t\t\t\t\t<span class=\"elementor-screen-only\">Facebook<\/span>\n\t\t\t\t\t\t<i aria-hidden=\"true\" class=\"fab fa-facebook\"><\/i>\t\t\t\t\t<\/a>\n\t\t\t\t<\/span>\n\t\t\t\t\t\t\t<span class=\"elementor-grid-item\" role=\"listitem\">\n\t\t\t\t\t<a class=\"elementor-icon elementor-social-icon elementor-social-icon-twitter elementor-animation-pulse-grow elementor-repeater-item-e8795c2\" href=\"https:\/\/twitter.com\/whitedayfr\" target=\"_blank\">\n\t\t\t\t\t\t<span class=\"elementor-screen-only\">Twitter<\/span>\n\t\t\t\t\t\t<i aria-hidden=\"true\" class=\"fab fa-twitter\"><\/i>\t\t\t\t\t<\/a>\n\t\t\t\t<\/span>\n\t\t\t\t\t\t\t<span class=\"elementor-grid-item\" role=\"listitem\">\n\t\t\t\t\t<a class=\"elementor-icon elementor-social-icon elementor-social-icon- elementor-animation-pulse-grow elementor-repeater-item-9e25a45\" href=\"https:\/\/www.instagram.com\/whiteday.fr\/\" target=\"_blank\">\n\t\t\t\t\t\t<span class=\"elementor-screen-only\"><\/span>\n\t\t\t\t\t\t<svg xmlns=\"http:\/\/www.w3.org\/2000\/svg\" width=\"256px\" height=\"256px\" viewBox=\"0 0 32 32\" fill=\"none\"><g id=\"SVGRepo_bgCarrier\" stroke-width=\"0\"><\/g><g id=\"SVGRepo_tracerCarrier\" stroke-linecap=\"round\" stroke-linejoin=\"round\"><\/g><g id=\"SVGRepo_iconCarrier\"><rect x=\"2\" y=\"2\" width=\"28\" height=\"28\" rx=\"6\" fill=\"url(#paint0_radial_87_7153)\"><\/rect><rect x=\"2\" y=\"2\" width=\"28\" height=\"28\" rx=\"6\" fill=\"url(#paint1_radial_87_7153)\"><\/rect><rect x=\"2\" y=\"2\" width=\"28\" height=\"28\" rx=\"6\" fill=\"url(#paint2_radial_87_7153)\"><\/rect><path d=\"M23 10.5C23 11.3284 22.3284 12 21.5 12C20.6716 12 20 11.3284 20 10.5C20 9.67157 20.6716 9 21.5 9C22.3284 9 23 9.67157 23 10.5Z\" fill=\"white\"><\/path><path fill-rule=\"evenodd\" clip-rule=\"evenodd\" d=\"M16 21C18.7614 21 21 18.7614 21 16C21 13.2386 18.7614 11 16 11C13.2386 11 11 13.2386 11 16C11 18.7614 13.2386 21 16 21ZM16 19C17.6569 19 19 17.6569 19 16C19 14.3431 17.6569 13 16 13C14.3431 13 13 14.3431 13 16C13 17.6569 14.3431 19 16 19Z\" fill=\"white\"><\/path><path fill-rule=\"evenodd\" clip-rule=\"evenodd\" d=\"M6 15.6C6 12.2397 6 10.5595 6.65396 9.27606C7.2292 8.14708 8.14708 7.2292 9.27606 6.65396C10.5595 6 12.2397 6 15.6 6H16.4C19.7603 6 21.4405 6 22.7239 6.65396C23.8529 7.2292 24.7708 8.14708 25.346 9.27606C26 10.5595 26 12.2397 26 15.6V16.4C26 19.7603 26 21.4405 25.346 22.7239C24.7708 23.8529 23.8529 24.7708 22.7239 25.346C21.4405 26 19.7603 26 16.4 26H15.6C12.2397 26 10.5595 26 9.27606 25.346C8.14708 24.7708 7.2292 23.8529 6.65396 22.7239C6 21.4405 6 19.7603 6 16.4V15.6ZM15.6 8H16.4C18.1132 8 19.2777 8.00156 20.1779 8.0751C21.0548 8.14674 21.5032 8.27659 21.816 8.43597C22.5686 8.81947 23.1805 9.43139 23.564 10.184C23.7234 10.4968 23.8533 10.9452 23.9249 11.8221C23.9984 12.7223 24 13.8868 24 15.6V16.4C24 18.1132 23.9984 19.2777 23.9249 20.1779C23.8533 21.0548 23.7234 21.5032 23.564 21.816C23.1805 22.5686 22.5686 23.1805 21.816 23.564C21.5032 23.7234 21.0548 23.8533 20.1779 23.9249C19.2777 23.9984 18.1132 24 16.4 24H15.6C13.8868 24 12.7223 23.9984 11.8221 23.9249C10.9452 23.8533 10.4968 23.7234 10.184 23.564C9.43139 23.1805 8.81947 22.5686 8.43597 21.816C8.27659 21.5032 8.14674 21.0548 8.0751 20.1779C8.00156 19.2777 8 18.1132 8 16.4V15.6C8 13.8868 8.00156 12.7223 8.0751 11.8221C8.14674 10.9452 8.27659 10.4968 8.43597 10.184C8.81947 9.43139 9.43139 8.81947 10.184 8.43597C10.4968 8.27659 10.9452 8.14674 11.8221 8.0751C12.7223 8.00156 13.8868 8 15.6 8Z\" fill=\"white\"><\/path><defs><radialGradient id=\"paint0_radial_87_7153\" cx=\"0\" cy=\"0\" r=\"1\" gradientUnits=\"userSpaceOnUse\" gradientTransform=\"translate(12 23) rotate(-55.3758) scale(25.5196)\"><stop stop-color=\"#B13589\"><\/stop><stop offset=\"0.79309\" stop-color=\"#C62F94\"><\/stop><stop offset=\"1\" stop-color=\"#8A3AC8\"><\/stop><\/radialGradient><radialGradient id=\"paint1_radial_87_7153\" cx=\"0\" cy=\"0\" r=\"1\" gradientUnits=\"userSpaceOnUse\" gradientTransform=\"translate(11 31) rotate(-65.1363) scale(22.5942)\"><stop stop-color=\"#E0E8B7\"><\/stop><stop offset=\"0.444662\" stop-color=\"#FB8A2E\"><\/stop><stop offset=\"0.71474\" stop-color=\"#E2425C\"><\/stop><stop offset=\"1\" stop-color=\"#E2425C\" stop-opacity=\"0\"><\/stop><\/radialGradient><radialGradient id=\"paint2_radial_87_7153\" cx=\"0\" cy=\"0\" r=\"1\" gradientUnits=\"userSpaceOnUse\" gradientTransform=\"translate(0.500002 3) rotate(-8.1301) scale(38.8909 8.31836)\"><stop offset=\"0.156701\" stop-color=\"#406ADC\"><\/stop><stop offset=\"0.467799\" stop-color=\"#6A45BE\"><\/stop><stop offset=\"1\" stop-color=\"#6A45BE\" stop-opacity=\"0\"><\/stop><\/radialGradient><\/defs><\/g><\/svg>\t\t\t\t\t<\/a>\n\t\t\t\t<\/span>\n\t\t\t\t\t<\/div>\n\t\t\t\t\t\t<\/div>\n\t\t\t\t<\/div>\n\t\t\t\t<div class=\"elementor-element elementor-element-4069c12c gallery-spacing-custom elementor-widget elementor-widget-image-gallery\" data-id=\"4069c12c\" data-element_type=\"widget\" data-widget_type=\"image-gallery.default\">\n\t\t\t\t<div class=\"elementor-widget-container\">\n\t\t\t\t\t\t\t<div class=\"elementor-image-gallery\">\n\t\t\t<div id='gallery-1' class='gallery galleryid-843 gallery-columns-3 gallery-size-full'><figure class='gallery-item'>\n\t\t\t<div class='gallery-icon landscape'>\n\t\t\t\t<a data-elementor-open-lightbox=\"yes\" data-elementor-lightbox-slideshow=\"4069c12c\" data-elementor-lightbox-title=\"IMG_5719\" data-e-action-hash=\"#elementor-action%3Aaction%3Dlightbox%26settings%3DeyJpZCI6MTAyNiwidXJsIjoiaHR0cHM6XC9cL3doaXRlZGF5LmZyXC93cC1jb250ZW50XC91cGxvYWRzXC8yMDIzXC8wM1wvSU1HXzU3MTkuanBnIiwic2xpZGVzaG93IjoiNDA2OWMxMmMifQ%3D%3D\" href='https:\/\/whiteday.fr\/wp-content\/uploads\/2023\/03\/IMG_5719.jpg'><img fetchpriority=\"high\" decoding=\"async\" width=\"1280\" height=\"853\" src=\"https:\/\/whiteday.fr\/wp-content\/uploads\/2023\/03\/IMG_5719.jpg\" class=\"attachment-full size-full\" alt=\"\" srcset=\"https:\/\/whiteday.fr\/wp-content\/uploads\/2023\/03\/IMG_5719.jpg 1280w, https:\/\/whiteday.fr\/wp-content\/uploads\/2023\/03\/IMG_5719-300x200.jpg 300w, https:\/\/whiteday.fr\/wp-content\/uploads\/2023\/03\/IMG_5719-1024x682.jpg 1024w, https:\/\/whiteday.fr\/wp-content\/uploads\/2023\/03\/IMG_5719-768x512.jpg 768w\" sizes=\"(max-width: 1280px) 100vw, 1280px\" \/><\/a>\n\t\t\t<\/div><\/figure><figure class='gallery-item'>\n\t\t\t<div class='gallery-icon landscape'>\n\t\t\t\t<a data-elementor-open-lightbox=\"yes\" data-elementor-lightbox-slideshow=\"4069c12c\" data-elementor-lightbox-title=\"Couple 4 (7)\" data-e-action-hash=\"#elementor-action%3Aaction%3Dlightbox%26settings%3DeyJpZCI6MTAyNSwidXJsIjoiaHR0cHM6XC9cL3doaXRlZGF5LmZyXC93cC1jb250ZW50XC91cGxvYWRzXC8yMDIzXC8wM1wvQ291cGxlLTQtNy0xLmpwZyIsInNsaWRlc2hvdyI6IjQwNjljMTJjIn0%3D\" href='https:\/\/whiteday.fr\/wp-content\/uploads\/2023\/03\/Couple-4-7-1.jpg'><img decoding=\"async\" width=\"1920\" height=\"1280\" src=\"https:\/\/whiteday.fr\/wp-content\/uploads\/2023\/03\/Couple-4-7-1.jpg\" class=\"attachment-full size-full\" alt=\"\" srcset=\"https:\/\/whiteday.fr\/wp-content\/uploads\/2023\/03\/Couple-4-7-1.jpg 1920w, https:\/\/whiteday.fr\/wp-content\/uploads\/2023\/03\/Couple-4-7-1-300x200.jpg 300w, https:\/\/whiteday.fr\/wp-content\/uploads\/2023\/03\/Couple-4-7-1-1024x683.jpg 1024w, https:\/\/whiteday.fr\/wp-content\/uploads\/2023\/03\/Couple-4-7-1-768x512.jpg 768w, https:\/\/whiteday.fr\/wp-content\/uploads\/2023\/03\/Couple-4-7-1-1536x1024.jpg 1536w\" sizes=\"(max-width: 1920px) 100vw, 1920px\" \/><\/a>\n\t\t\t<\/div><\/figure><figure class='gallery-item'>\n\t\t\t<div class='gallery-icon landscape'>\n\t\t\t\t<a data-elementor-open-lightbox=\"yes\" data-elementor-lightbox-slideshow=\"4069c12c\" data-elementor-lightbox-title=\"Mariage-1-Portofolio-29\" data-e-action-hash=\"#elementor-action%3Aaction%3Dlightbox%26settings%3DeyJpZCI6MTAyNywidXJsIjoiaHR0cHM6XC9cL3doaXRlZGF5LmZyXC93cC1jb250ZW50XC91cGxvYWRzXC8yMDIzXC8wM1wvTWFyaWFnZS0xLVBvcnRvZm9saW8tMjkuanBnIiwic2xpZGVzaG93IjoiNDA2OWMxMmMifQ%3D%3D\" href='https:\/\/whiteday.fr\/wp-content\/uploads\/2023\/03\/Mariage-1-Portofolio-29.jpg'><img decoding=\"async\" width=\"1280\" height=\"853\" src=\"https:\/\/whiteday.fr\/wp-content\/uploads\/2023\/03\/Mariage-1-Portofolio-29.jpg\" class=\"attachment-full size-full\" alt=\"\" srcset=\"https:\/\/whiteday.fr\/wp-content\/uploads\/2023\/03\/Mariage-1-Portofolio-29.jpg 1280w, https:\/\/whiteday.fr\/wp-content\/uploads\/2023\/03\/Mariage-1-Portofolio-29-300x200.jpg 300w, https:\/\/whiteday.fr\/wp-content\/uploads\/2023\/03\/Mariage-1-Portofolio-29-1024x682.jpg 1024w, https:\/\/whiteday.fr\/wp-content\/uploads\/2023\/03\/Mariage-1-Portofolio-29-768x512.jpg 768w\" sizes=\"(max-width: 1280px) 100vw, 1280px\" \/><\/a>\n\t\t\t<\/div><\/figure>\n\t\t<\/div>\n\t\t<\/div>\n\t\t\t\t\t\t<\/div>\n\t\t\t\t<\/div>\n\t\t\t\t<div class=\"elementor-element elementor-element-006ae33 elementor-widget-divider--view-line elementor-widget elementor-widget-divider\" data-id=\"006ae33\" data-element_type=\"widget\" data-widget_type=\"divider.default\">\n\t\t\t\t<div class=\"elementor-widget-container\">\n\t\t\t\t\t\t\t<div class=\"elementor-divider\">\n\t\t\t<span class=\"elementor-divider-separator\">\n\t\t\t\t\t\t<\/span>\n\t\t<\/div>\n\t\t\t\t\t\t<\/div>\n\t\t\t\t<\/div>\n\t\t\t\t\t<\/div>\n\t\t<\/div>\n\t\t\t\t\t<\/div>\n\t\t<\/section>\n\t\t\t\t<section class=\"elementor-section elementor-top-section elementor-element elementor-element-16a2a5b1 elementor-section-boxed elementor-section-height-default elementor-section-height-default\" data-id=\"16a2a5b1\" data-element_type=\"section\" data-settings=\"{&quot;animation&quot;:&quot;none&quot;}\">\n\t\t\t\t\t\t<div class=\"elementor-container elementor-column-gap-no\">\n\t\t\t\t\t<div class=\"elementor-column elementor-col-100 elementor-top-column elementor-element elementor-element-586f6d82\" data-id=\"586f6d82\" data-element_type=\"column\">\n\t\t\t<div class=\"elementor-widget-wrap\">\n\t\t\t\t\t\t\t<\/div>\n\t\t<\/div>\n\t\t\t\t\t<\/div>\n\t\t<\/section>\n\t\t\t\t<section class=\"elementor-section elementor-top-section elementor-element elementor-element-857ed7e elementor-section-height-min-height elementor-section-full_width elementor-section-items-stretch elementor-section-content-middle elementor-section-height-default\" data-id=\"857ed7e\" data-element_type=\"section\" data-settings=\"{&quot;background_background&quot;:&quot;classic&quot;}\">\n\t\t\t\t\t\t<div class=\"elementor-container elementor-column-gap-no\">\n\t\t\t\t\t<div class=\"elementor-column elementor-col-50 elementor-top-column elementor-element elementor-element-1e4c359\" data-id=\"1e4c359\" data-element_type=\"column\" data-settings=\"{&quot;background_background&quot;:&quot;classic&quot;}\">\n\t\t\t<div class=\"elementor-widget-wrap elementor-element-populated\">\n\t\t\t\t\t\t<div class=\"elementor-element elementor-element-56437b9 elementor-align-center elementor-widget elementor-widget-button\" data-id=\"56437b9\" data-element_type=\"widget\" data-widget_type=\"button.default\">\n\t\t\t\t<div class=\"elementor-widget-container\">\n\t\t\t\t\t\t\t\t\t<div class=\"elementor-button-wrapper\">\n\t\t\t\t\t<a class=\"elementor-button elementor-button-link elementor-size-lg\" href=\"mailto:hello@whiteday.fr\">\n\t\t\t\t\t\t<span class=\"elementor-button-content-wrapper\">\n\t\t\t\t\t\t\t\t\t<span class=\"elementor-button-text\">==&gt; Nous Contacter &lt;==<\/span>\n\t\t\t\t\t<\/span>\n\t\t\t\t\t<\/a>\n\t\t\t\t<\/div>\n\t\t\t\t\t\t\t\t<\/div>\n\t\t\t\t<\/div>\n\t\t\t\t<div class=\"elementor-element elementor-element-0182fc9 elementor-widget elementor-widget-text-editor\" data-id=\"0182fc9\" data-element_type=\"widget\" data-widget_type=\"text-editor.default\">\n\t\t\t\t<div class=\"elementor-widget-container\">\n\t\t\t\t\t\t\t\t\t<p>\u00a0<\/p><p>Contactez nous d\u00e8s maintenant pour discuter de vos besoins et pour obtenir un devis personnalis\u00e9. Nous sommes l\u00e0 pour r\u00e9pondre \u00e0 toutes vos questions et pour vous offrir une exp\u00e9rience de photographie de mariage exceptionnelle !<\/p>\t\t\t\t\t\t\t\t<\/div>\n\t\t\t\t<\/div>\n\t\t\t\t\t<\/div>\n\t\t<\/div>\n\t\t\t\t<div class=\"elementor-column elementor-col-50 elementor-top-column elementor-element elementor-element-be16cbd\" data-id=\"be16cbd\" data-element_type=\"column\" data-settings=\"{&quot;background_background&quot;:&quot;classic&quot;}\">\n\t\t\t<div class=\"elementor-widget-wrap elementor-element-populated\">\n\t\t\t\t\t\t<div class=\"elementor-element elementor-element-2b13e92 elementor-widget elementor-widget-spacer\" data-id=\"2b13e92\" data-element_type=\"widget\" data-widget_type=\"spacer.default\">\n\t\t\t\t<div class=\"elementor-widget-container\">\n\t\t\t\t\t\t\t<div class=\"elementor-spacer\">\n\t\t\t<div class=\"elementor-spacer-inner\"><\/div>\n\t\t<\/div>\n\t\t\t\t\t\t<\/div>\n\t\t\t\t<\/div>\n\t\t\t\t\t<\/div>\n\t\t<\/div>\n\t\t\t\t\t<\/div>\n\t\t<\/section>\n\t\t\t\t<\/div>\n\t\t","protected":false},"excerpt":{"rendered":"<p>J&rsquo;AIMERAI PHOTOGRAPHIER VOTRE BEAU JOUR Adresse : 7 Rue Pantigny 62590 Oignies Tel : 07 61 71 27 38 Email : Hello@whiteday.fr Facebook Twitter ==&gt; Nous Contacter &lt;== Contactez nous d\u00e8s maintenant pour discuter de vos besoins et pour obtenir un devis personnalis\u00e9. Nous sommes l\u00e0 pour r\u00e9pondre \u00e0 toutes vos questions et pour vous [&hellip;]<\/p>\n","protected":false},"author":1,"featured_media":0,"parent":0,"menu_order":0,"comment_status":"closed","ping_status":"closed","template":"","meta":{"_seopress_robots_primary_cat":"","_seopress_titles_title":"","_seopress_titles_desc":"","_seopress_robots_index":"","footnotes":""},"class_list":["post-843","page","type-page","status-publish","hentry"],"_links":{"self":[{"href":"https:\/\/whiteday.fr\/index.php\/wp-json\/wp\/v2\/pages\/843","targetHints":{"allow":["GET"]}}],"collection":[{"href":"https:\/\/whiteday.fr\/index.php\/wp-json\/wp\/v2\/pages"}],"about":[{"href":"https:\/\/whiteday.fr\/index.php\/wp-json\/wp\/v2\/types\/page"}],"author":[{"embeddable":true,"href":"https:\/\/whiteday.fr\/index.php\/wp-json\/wp\/v2\/users\/1"}],"replies":[{"embeddable":true,"href":"https:\/\/whiteday.fr\/index.php\/wp-json\/wp\/v2\/comments?post=843"}],"version-history":[{"count":25,"href":"https:\/\/whiteday.fr\/index.php\/wp-json\/wp\/v2\/pages\/843\/revisions"}],"predecessor-version":[{"id":1144,"href":"https:\/\/whiteday.fr\/index.php\/wp-json\/wp\/v2\/pages\/843\/revisions\/1144"}],"wp:attachment":[{"href":"https:\/\/whiteday.fr\/index.php\/wp-json\/wp\/v2\/media?parent=843"}],"curies":[{"name":"wp","href":"https:\/\/api.w.org\/{rel}","templated":true}]}}